{"id":26,"date":"2025-09-15T08:12:11","date_gmt":"2025-09-15T08:12:11","guid":{"rendered":"http:\/\/ramonagehde.com\/?page_id=26"},"modified":"2025-09-22T18:27:07","modified_gmt":"2025-09-22T18:27:07","slug":"demoussage-hydrofuge","status":"publish","type":"page","link":"https:\/\/ramonagehde.com\/index.php\/demoussage-hydrofuge\/","title":{"rendered":"Demoussage-Hydrofuge"},"content":{"rendered":"\t\t<div data-elementor-type=\"wp-page\" data-elementor-id=\"26\" class=\"elementor elementor-26\">\n\t\t\t\t<div class=\"elementor-element elementor-element-023e230 e-con-full e-flex e-con e-parent\" data-id=\"023e230\" data-element_type=\"container\" data-e-type=\"container\" data-settings=\"{&quot;background_background&quot;:&quot;classic&quot;}\">\n\t\t<div class=\"elementor-element elementor-element-a1d8d0b e-con-full e-flex e-con e-child\" data-id=\"a1d8d0b\" data-element_type=\"container\" data-e-type=\"container\" data-settings=\"{&quot;background_background&quot;:&quot;classic&quot;}\">\n\t\t\t\t<div class=\"elementor-element elementor-element-33357ce elementor-widget elementor-widget-heading\" data-id=\"33357ce\" data-element_type=\"widget\" data-e-type=\"widget\" data-widget_type=\"heading.default\">\n\t\t\t\t\t<h1 class=\"elementor-heading-title elementor-size-default\">ENTREPRISE <br>RAMONAGE HDE<\/h1>\t\t\t\t<\/div>\n\t\t\t\t<\/div>\n\t\t<div class=\"elementor-element elementor-element-def6c2f e-con-full e-flex e-con e-child\" data-id=\"def6c2f\" data-element_type=\"container\" data-e-type=\"container\" data-settings=\"{&quot;background_background&quot;:&quot;classic&quot;}\">\n\t\t\t\t<div class=\"elementor-element elementor-element-3766f23 elementor-widget elementor-widget-heading\" data-id=\"3766f23\" data-element_type=\"widget\" data-e-type=\"widget\" data-widget_type=\"heading.default\">\n\t\t\t\t\t<h1 class=\"elementor-heading-title elementor-size-default\">D\u00e9moussage-Hydrofuge sur toiture<\/h1>\t\t\t\t<\/div>\n\t\t\t\t<\/div>\n\t\t\t\t<\/div>\n\t\t<div class=\"elementor-element elementor-element-95c50e0 e-flex e-con-boxed e-con e-parent\" data-id=\"95c50e0\" data-element_type=\"container\" data-e-type=\"container\">\n\t\t\t\t\t<div class=\"e-con-inner\">\n\t\t\t\t<div class=\"elementor-element elementor-element-04baefb elementor-widget elementor-widget-text-editor\" data-id=\"04baefb\" data-element_type=\"widget\" data-e-type=\"widget\" data-widget_type=\"text-editor.default\">\n\t\t\t\t\t\t\t\t\t<h4>Contrairement \u00e0 un simple nettoyage de toiture, le d\u00e9moussage hydrofuge sur toiture est durable.<\/h4>\t\t\t\t\t\t\t\t<\/div>\n\t\t\t\t\t<\/div>\n\t\t\t\t<\/div>\n\t\t<div class=\"elementor-element elementor-element-f1e77b4 e-flex e-con-boxed e-con e-parent\" data-id=\"f1e77b4\" data-element_type=\"container\" data-e-type=\"container\">\n\t\t\t\t\t<div class=\"e-con-inner\">\n\t\t\t\t<div class=\"elementor-element elementor-element-01febd8 elementor-widget elementor-widget-video\" data-id=\"01febd8\" data-element_type=\"widget\" data-e-type=\"widget\" data-settings=\"{&quot;video_type&quot;:&quot;hosted&quot;,&quot;autoplay&quot;:&quot;yes&quot;,&quot;play_on_mobile&quot;:&quot;yes&quot;,&quot;loop&quot;:&quot;yes&quot;}\" data-widget_type=\"video.default\">\n\t\t\t\t\t\t\t<div class=\"e-hosted-video elementor-wrapper elementor-open-inline\">\n\t\t\t\t\t<video class=\"elementor-video\" src=\"http:\/\/ramonagehde.com\/wp-content\/uploads\/2025\/09\/A3AB88F6-2FD6-46ED-8A6C-C6732350F849_result.mov\" autoplay=\"\" loop=\"\" playsinline=\"\" controlsList=\"nodownload\"><\/video>\n\t\t\t\t<\/div>\n\t\t\t\t\t\t<\/div>\n\t\t\t\t\t<\/div>\n\t\t\t\t<\/div>\n\t\t<div class=\"elementor-element elementor-element-ad5459a e-flex e-con-boxed e-con e-parent\" data-id=\"ad5459a\" data-element_type=\"container\" data-e-type=\"container\" data-settings=\"{&quot;background_background&quot;:&quot;classic&quot;}\">\n\t\t\t\t\t<div class=\"e-con-inner\">\n\t\t\t\t<div class=\"elementor-element elementor-element-beccdd3 elementor-widget elementor-widget-heading\" data-id=\"beccdd3\" data-element_type=\"widget\" data-e-type=\"widget\" data-widget_type=\"heading.default\">\n\t\t\t\t\t<h2 class=\"elementor-heading-title elementor-size-default\">Notre prestation de d\u00e9moussage hydrofuge<\/h2>\t\t\t\t<\/div>\n\t\t\t\t\t<\/div>\n\t\t\t\t<\/div>\n\t\t<div class=\"elementor-element elementor-element-db198c6 e-flex e-con-boxed e-con e-parent\" data-id=\"db198c6\" data-element_type=\"container\" data-e-type=\"container\">\n\t\t\t\t\t<div class=\"e-con-inner\">\n\t\t\t\t<div class=\"elementor-element elementor-element-b1bb7a1 elementor-widget elementor-widget-text-editor\" data-id=\"b1bb7a1\" data-element_type=\"widget\" data-e-type=\"widget\" data-widget_type=\"text-editor.default\">\n\t\t\t\t\t\t\t\t\t<p>C\u2019est une <strong>pulv\u00e9risation d\u2019un anti mousse<\/strong> en action lente sur la toiture avec une pompe, avec une perche ou bien un drone.<\/p><p>Il y a besoin de la pluie et du soleil pour \u00e9liminer les mousses, lichens et la pollution c\u2019est\u00a0 l&rsquo;<strong>op\u00e9ration la moins co\u00fbteuse<\/strong>.<\/p>\t\t\t\t\t\t\t\t<\/div>\n\t\t\t\t\t<\/div>\n\t\t\t\t<\/div>\n\t\t<div class=\"elementor-element elementor-element-3125908 e-flex e-con-boxed e-con e-parent\" data-id=\"3125908\" data-element_type=\"container\" data-e-type=\"container\" data-settings=\"{&quot;background_background&quot;:&quot;classic&quot;}\">\n\t\t\t\t\t<div class=\"e-con-inner\">\n\t\t\t\t<div class=\"elementor-element elementor-element-08c2e16 elementor-widget elementor-widget-heading\" data-id=\"08c2e16\" data-element_type=\"widget\" data-e-type=\"widget\" data-widget_type=\"heading.default\">\n\t\t\t\t\t<h2 class=\"elementor-heading-title elementor-size-default\">Nettoyage de toiture<\/h2>\t\t\t\t<\/div>\n\t\t\t\t\t<\/div>\n\t\t\t\t<\/div>\n\t\t<div class=\"elementor-element elementor-element-6964e3a e-flex e-con-boxed e-con e-parent\" data-id=\"6964e3a\" data-element_type=\"container\" data-e-type=\"container\">\n\t\t\t\t\t<div class=\"e-con-inner\">\n\t\t\t\t<div class=\"elementor-element elementor-element-2a53c6c elementor-widget elementor-widget-text-editor\" data-id=\"2a53c6c\" data-element_type=\"widget\" data-e-type=\"widget\" data-widget_type=\"text-editor.default\">\n\t\t\t\t\t\t\t\t\t<p><strong>Nettoyage de la toiture \u00e0 basse-pression, m\u00e9thode vapeur<\/strong> \u00e0 150 degr\u00e9s pour \u00e9liminer mousse, lichens et pollution.<br \/>Ensuite une <strong>pulv\u00e9risation d\u2019un anti-mousse<\/strong>.<\/p>\t\t\t\t\t\t\t\t<\/div>\n\t\t\t\t\t<\/div>\n\t\t\t\t<\/div>\n\t\t<div class=\"elementor-element elementor-element-4884157 e-flex e-con-boxed e-con e-parent\" data-id=\"4884157\" data-element_type=\"container\" data-e-type=\"container\" data-settings=\"{&quot;background_background&quot;:&quot;classic&quot;}\">\n\t\t\t\t\t<div class=\"e-con-inner\">\n\t\t\t\t<div class=\"elementor-element elementor-element-076e8b0 elementor-widget elementor-widget-heading\" data-id=\"076e8b0\" data-element_type=\"widget\" data-e-type=\"widget\" data-widget_type=\"heading.default\">\n\t\t\t\t\t<h2 class=\"elementor-heading-title elementor-size-default\">Option Hydrofuge color\u00e9<\/h2>\t\t\t\t<\/div>\n\t\t\t\t\t<\/div>\n\t\t\t\t<\/div>\n\t\t<div class=\"elementor-element elementor-element-9e5741a e-flex e-con-boxed e-con e-parent\" data-id=\"9e5741a\" data-element_type=\"container\" data-e-type=\"container\">\n\t\t\t\t\t<div class=\"e-con-inner\">\n\t\t\t\t<div class=\"elementor-element elementor-element-11a495d elementor-widget elementor-widget-text-editor\" data-id=\"11a495d\" data-element_type=\"widget\" data-e-type=\"widget\" data-widget_type=\"text-editor.default\">\n\t\t\t\t\t\t\t\t\t<p>Nous vous proposons un <strong>Hydrofuge color\u00e9 lorsque votre toiture vieillit et blanchit.<\/strong><\/p>\t\t\t\t\t\t\t\t<\/div>\n\t\t\t\t\t<\/div>\n\t\t\t\t<\/div>\n\t\t<div class=\"elementor-element elementor-element-84596f7 e-flex e-con-boxed e-con e-parent\" data-id=\"84596f7\" data-element_type=\"container\" data-e-type=\"container\">\n\t\t\t\t\t<div class=\"e-con-inner\">\n\t\t\t\t<div class=\"elementor-element elementor-element-a0fcf7d elementor-widget elementor-widget-heading\" data-id=\"a0fcf7d\" data-element_type=\"widget\" data-e-type=\"widget\" data-widget_type=\"heading.default\">\n\t\t\t\t\t<h1 class=\"elementor-heading-title elementor-size-default\">Pensez durable avec L'ENTREPRISE RAMONAGE HDE<\/h1>\t\t\t\t<\/div>\n\t\t\t\t\t<\/div>\n\t\t\t\t<\/div>\n\t\t<div class=\"elementor-element elementor-element-e1438ba e-flex e-con-boxed e-con e-parent\" data-id=\"e1438ba\" data-element_type=\"container\" data-e-type=\"container\">\n\t\t\t\t\t<div class=\"e-con-inner\">\n\t\t\t\t<div class=\"elementor-element elementor-element-74f312d elementor-align-center elementor-invisible elementor-widget elementor-widget-button\" data-id=\"74f312d\" data-element_type=\"widget\" data-e-type=\"widget\" data-settings=\"{&quot;_animation&quot;:&quot;bounceIn&quot;,&quot;_animation_delay&quot;:39600}\" data-widget_type=\"button.default\">\n\t\t\t\t\t\t\t\t\t\t<a class=\"elementor-button elementor-button-link elementor-size-sm\" href=\"#\">\n\t\t\t\t\t\t<span class=\"elementor-button-content-wrapper\">\n\t\t\t\t\t\t<span class=\"elementor-button-icon\">\n\t\t\t\t<svg aria-hidden=\"true\" class=\"e-font-icon-svg e-fas-phone-alt\" viewBox=\"0 0 512 512\" xmlns=\"http:\/\/www.w3.org\/2000\/svg\"><path d=\"M497.39 361.8l-112-48a24 24 0 0 0-28 6.9l-49.6 60.6A370.66 370.66 0 0 1 130.6 204.11l60.6-49.6a23.94 23.94 0 0 0 6.9-28l-48-112A24.16 24.16 0 0 0 122.6.61l-104 24A24 24 0 0 0 0 48c0 256.5 207.9 464 464 464a24 24 0 0 0 23.4-18.6l24-104a24.29 24.29 0 0 0-14.01-27.6z\"><\/path><\/svg>\t\t\t<\/span>\n\t\t\t\t\t\t\t\t\t<span class=\"elementor-button-text\">06 87 65 17 28<\/span>\n\t\t\t\t\t<\/span>\n\t\t\t\t\t<\/a>\n\t\t\t\t\t\t\t\t<\/div>\n\t\t\t\t\t<\/div>\n\t\t\t\t<\/div>\n\t\t<div class=\"elementor-element elementor-element-f541229 e-con-full e-flex e-con e-parent\" data-id=\"f541229\" data-element_type=\"container\" data-e-type=\"container\">\n\t\t<div class=\"elementor-element elementor-element-814cb7f e-con-full e-flex e-con e-child\" data-id=\"814cb7f\" data-element_type=\"container\" data-e-type=\"container\">\n\t\t\t\t<div class=\"elementor-element elementor-element-6fa1f2d elementor-widget elementor-widget-image\" data-id=\"6fa1f2d\" data-element_type=\"widget\" data-e-type=\"widget\" data-widget_type=\"image.default\">\n\t\t\t\t\t\t\t\t\t\t\t\t\t\t\t<img fetchpriority=\"high\" decoding=\"async\" width=\"672\" height=\"401\" src=\"https:\/\/ramonagehde.com\/wp-content\/uploads\/2025\/09\/att.Hgwp9x0CYljRwHKO1TczG1X271djvsePWpt6JND9GVE.jpg\" class=\"elementor-animation-grow attachment-full size-full wp-image-163\" alt=\"\" \/>\t\t\t\t\t\t\t\t\t\t\t\t\t\t\t<\/div>\n\t\t\t\t<\/div>\n\t\t\t\t<\/div>\n\t\t<div class=\"elementor-element elementor-element-b77b991 e-flex e-con-boxed e-con e-parent\" data-id=\"b77b991\" data-element_type=\"container\" data-e-type=\"container\">\n\t\t\t\t\t<div class=\"e-con-inner\">\n\t\t<div class=\"elementor-element elementor-element-4df02cc e-con-full e-flex e-con e-child\" data-id=\"4df02cc\" data-element_type=\"container\" data-e-type=\"container\">\n\t\t\t\t<div class=\"elementor-element elementor-element-7bd7795 elementor-widget elementor-widget-spacer\" data-id=\"7bd7795\" data-element_type=\"widget\" data-e-type=\"widget\" data-widget_type=\"spacer.default\">\n\t\t\t\t\t\t\t<div class=\"elementor-spacer\">\n\t\t\t<div class=\"elementor-spacer-inner\"><\/div>\n\t\t<\/div>\n\t\t\t\t\t\t<\/div>\n\t\t\t\t<\/div>\n\t\t\t\t\t<\/div>\n\t\t\t\t<\/div>\n\t\t<div class=\"elementor-element elementor-element-600e103 e-flex e-con-boxed e-con e-parent\" data-id=\"600e103\" data-element_type=\"container\" data-e-type=\"container\">\n\t\t\t\t\t<div class=\"e-con-inner\">\n\t\t<div class=\"elementor-element elementor-element-fccfbee e-con-full e-flex e-con e-child\" data-id=\"fccfbee\" data-element_type=\"container\" data-e-type=\"container\">\n\t\t\t\t<div class=\"elementor-element elementor-element-51378a8 elementor-view-default elementor-widget elementor-widget-icon\" data-id=\"51378a8\" data-element_type=\"widget\" data-e-type=\"widget\" data-widget_type=\"icon.default\">\n\t\t\t\t\t\t\t<div class=\"elementor-icon-wrapper\">\n\t\t\t<div class=\"elementor-icon\">\n\t\t\t<svg aria-hidden=\"true\" class=\"e-font-icon-svg e-fas-location-arrow\" viewBox=\"0 0 512 512\" xmlns=\"http:\/\/www.w3.org\/2000\/svg\"><path d=\"M444.52 3.52L28.74 195.42c-47.97 22.39-31.98 92.75 19.19 92.75h175.91v175.91c0 51.17 70.36 67.17 92.75 19.19l191.9-415.78c15.99-38.39-25.59-79.97-63.97-63.97z\"><\/path><\/svg>\t\t\t<\/div>\n\t\t<\/div>\n\t\t\t\t\t\t<\/div>\n\t\t\t\t<\/div>\n\t\t\t\t\t<\/div>\n\t\t\t\t<\/div>\n\t\t<div class=\"elementor-element elementor-element-a9b09d2 e-flex e-con-boxed e-con e-parent\" data-id=\"a9b09d2\" data-element_type=\"container\" data-e-type=\"container\">\n\t\t\t\t\t<div class=\"e-con-inner\">\n\t\t<div class=\"elementor-element elementor-element-0a05934 e-con-full e-flex e-con e-child\" data-id=\"0a05934\" data-element_type=\"container\" data-e-type=\"container\">\n\t\t\t\t<div class=\"elementor-element elementor-element-75478af elementor-widget elementor-widget-heading\" data-id=\"75478af\" data-element_type=\"widget\" data-e-type=\"widget\" data-widget_type=\"heading.default\">\n\t\t\t\t\t<h2 class=\"elementor-heading-title elementor-size-default\">Notre secteur d'intervention<\/h2>\t\t\t\t<\/div>\n\t\t\t\t<\/div>\n\t\t\t\t\t<\/div>\n\t\t\t\t<\/div>\n\t\t<div class=\"elementor-element elementor-element-035b219 e-flex e-con-boxed e-con e-parent\" data-id=\"035b219\" data-element_type=\"container\" data-e-type=\"container\">\n\t\t\t\t\t<div class=\"e-con-inner\">\n\t\t<div class=\"elementor-element elementor-element-b72ec0c e-con-full e-flex e-con e-child\" data-id=\"b72ec0c\" data-element_type=\"container\" data-e-type=\"container\">\n\t\t\t\t<div class=\"elementor-element elementor-element-2fa8b69 elementor-widget elementor-widget-google_maps\" data-id=\"2fa8b69\" data-element_type=\"widget\" data-e-type=\"widget\" data-widget_type=\"google_maps.default\">\n\t\t\t\t\t\t\t<div class=\"elementor-custom-embed\">\n\t\t\t<iframe loading=\"lazy\"\n\t\t\t\t\tsrc=\"https:\/\/maps.google.com\/maps?q=assais-les-jumeaux&#038;t=m&#038;z=8&#038;output=embed&#038;iwloc=near\"\n\t\t\t\t\ttitle=\"assais-les-jumeaux\"\n\t\t\t\t\taria-label=\"assais-les-jumeaux\"\n\t\t\t><\/iframe>\n\t\t<\/div>\n\t\t\t\t\t\t<\/div>\n\t\t\t\t<\/div>\n\t\t\t\t\t<\/div>\n\t\t\t\t<\/div>\n\t\t<div class=\"elementor-element elementor-element-3d2d777 e-flex e-con-boxed e-con e-parent\" data-id=\"3d2d777\" data-element_type=\"container\" data-e-type=\"container\">\n\t\t\t\t\t<div class=\"e-con-inner\">\n\t\t<div class=\"elementor-element elementor-element-cfcf293 e-con-full e-flex e-con e-child\" data-id=\"cfcf293\" data-element_type=\"container\" data-e-type=\"container\">\n\t\t\t\t<div class=\"elementor-element elementor-element-0577454 elementor-widget elementor-widget-text-editor\" data-id=\"0577454\" data-element_type=\"widget\" data-e-type=\"widget\" data-widget_type=\"text-editor.default\">\n\t\t\t\t\t\t\t\t\t<p class=\"p1\">Notre entreprise se situant \u00e0 Assais-les-jumeaux, (79600) nous intervenons dans un rayon de 30 km:<\/p><p class=\"p1\">Airvault (79600), Saint-Loup-Lamair\u00e9 (79600), Th\u00e9nezay (79390),\u00a0Gourg\u00e9 (79200), Louin (79600), Marnes (79600), Availles-Thouarsais (79600), Pressigny (79390), Le Chillou (79600), Cherves (86170), Parthenay (79200), Bressuire (79300), Thouars (79100), Loudun (86200), Moncontour (86330), Oiron (79100), Saint-Varent (79330), Adilly (79200), Viennay (79200)<\/p><p class=\"p1\">Si vous \u00eates hors secteur, contactez nous, nous vous dirons si nous pouvons quand m\u00eame collaborer ensemble. (En fonction de la nature prestation, des autres rendez vous etc).<\/p>\t\t\t\t\t\t\t\t<\/div>\n\t\t\t\t<\/div>\n\t\t\t\t\t<\/div>\n\t\t\t\t<\/div>\n\t\t<div class=\"elementor-element elementor-element-9fac29c e-flex e-con-boxed e-con e-parent\" data-id=\"9fac29c\" data-element_type=\"container\" data-e-type=\"container\">\n\t\t\t\t\t<div class=\"e-con-inner\">\n\t\t<div class=\"elementor-element elementor-element-5c5f712 e-con-full e-flex e-con e-child\" data-id=\"5c5f712\" data-element_type=\"container\" data-e-type=\"container\" data-settings=\"{&quot;background_background&quot;:&quot;classic&quot;}\">\n\t\t\t\t<div class=\"elementor-element elementor-element-af014d4 elementor-widget elementor-widget-heading\" data-id=\"af014d4\" data-element_type=\"widget\" data-e-type=\"widget\" data-widget_type=\"heading.default\">\n\t\t\t\t\t<h3 class=\"elementor-heading-title elementor-size-default\">06 87 65 17 28<\/h3>\t\t\t\t<\/div>\n\t\t\t\t<\/div>\n\t\t\t\t\t<\/div>\n\t\t\t\t<\/div>\n\t\t\t\t<\/div>\n\t\t","protected":false},"excerpt":{"rendered":"<p>ENTREPRISE RAMONAGE HDE D\u00e9moussage-Hydrofuge sur toiture Contrairement \u00e0 un simple nettoyage de toiture, le d\u00e9moussage hydrofuge sur toiture est durable. http:\/\/ramonagehde.com\/wp-content\/uploads\/2025\/09\/A3AB88F6-2FD6-46ED-8A6C-C6732350F849_result.mov Notre prestation de d\u00e9moussage hydrofuge C\u2019est une pulv\u00e9risation d\u2019un anti mousse en action lente sur la toiture avec une pompe, avec une perche ou bien un drone. Il y a besoin de la pluie [&hellip;]<\/p>\n","protected":false},"author":1,"featured_media":0,"parent":0,"menu_order":0,"comment_status":"closed","ping_status":"closed","template":"","meta":{"footnotes":""},"class_list":["post-26","page","type-page","status-publish","hentry"],"_links":{"self":[{"href":"https:\/\/ramonagehde.com\/index.php\/wp-json\/wp\/v2\/pages\/26","targetHints":{"allow":["GET"]}}],"collection":[{"href":"https:\/\/ramonagehde.com\/index.php\/wp-json\/wp\/v2\/pages"}],"about":[{"href":"https:\/\/ramonagehde.com\/index.php\/wp-json\/wp\/v2\/types\/page"}],"author":[{"embeddable":true,"href":"https:\/\/ramonagehde.com\/index.php\/wp-json\/wp\/v2\/users\/1"}],"replies":[{"embeddable":true,"href":"https:\/\/ramonagehde.com\/index.php\/wp-json\/wp\/v2\/comments?post=26"}],"version-history":[{"count":73,"href":"https:\/\/ramonagehde.com\/index.php\/wp-json\/wp\/v2\/pages\/26\/revisions"}],"predecessor-version":[{"id":692,"href":"https:\/\/ramonagehde.com\/index.php\/wp-json\/wp\/v2\/pages\/26\/revisions\/692"}],"wp:attachment":[{"href":"https:\/\/ramonagehde.com\/index.php\/wp-json\/wp\/v2\/media?parent=26"}],"curies":[{"name":"wp","href":"https:\/\/api.w.org\/{rel}","templated":true}]}}