{"id":30,"date":"2025-09-15T08:13:31","date_gmt":"2025-09-15T08:13:31","guid":{"rendered":"http:\/\/ramonagehde.com\/?page_id=30"},"modified":"2025-09-22T18:29:28","modified_gmt":"2025-09-22T18:29:28","slug":"nettoyage","status":"publish","type":"page","link":"https:\/\/ramonagehde.com\/index.php\/nettoyage\/","title":{"rendered":"Nettoyage fa\u00e7ade"},"content":{"rendered":"\t\t<div data-elementor-type=\"wp-page\" data-elementor-id=\"30\" class=\"elementor elementor-30\">\n\t\t\t\t<div class=\"elementor-element elementor-element-aa293df e-con-full e-flex e-con e-parent\" data-id=\"aa293df\" data-element_type=\"container\" data-e-type=\"container\" data-settings=\"{&quot;background_background&quot;:&quot;classic&quot;}\">\n\t\t<div class=\"elementor-element elementor-element-89014ce e-con-full e-flex e-con e-child\" data-id=\"89014ce\" data-element_type=\"container\" data-e-type=\"container\">\n\t\t<div class=\"elementor-element elementor-element-b70bccd e-con-full e-flex e-con e-child\" data-id=\"b70bccd\" data-element_type=\"container\" data-e-type=\"container\" data-settings=\"{&quot;background_background&quot;:&quot;classic&quot;}\">\n\t\t\t\t<div class=\"elementor-element elementor-element-671242b elementor-widget elementor-widget-heading\" data-id=\"671242b\" data-element_type=\"widget\" data-e-type=\"widget\" data-widget_type=\"heading.default\">\n\t\t\t\t\t<h1 class=\"elementor-heading-title elementor-size-default\">ENTREPRISE <br>RAMONAGE HDE<\/h1>\t\t\t\t<\/div>\n\t\t\t\t<\/div>\n\t\t<div class=\"elementor-element elementor-element-c4694e2 e-con-full e-flex e-con e-child\" data-id=\"c4694e2\" data-element_type=\"container\" data-e-type=\"container\" data-settings=\"{&quot;background_background&quot;:&quot;classic&quot;}\">\n\t\t\t\t<div class=\"elementor-element elementor-element-f96684b elementor-widget elementor-widget-heading\" data-id=\"f96684b\" data-element_type=\"widget\" data-e-type=\"widget\" data-widget_type=\"heading.default\">\n\t\t\t\t\t<h1 class=\"elementor-heading-title elementor-size-default\">Nettoyage fa\u00e7ade<\/h1>\t\t\t\t<\/div>\n\t\t\t\t<\/div>\n\t\t\t\t<\/div>\n\t\t\t\t<\/div>\n\t\t<div class=\"elementor-element elementor-element-30d4d98 e-flex e-con-boxed e-con e-parent\" data-id=\"30d4d98\" data-element_type=\"container\" data-e-type=\"container\" data-settings=\"{&quot;background_background&quot;:&quot;classic&quot;}\">\n\t\t\t\t\t<div class=\"e-con-inner\">\n\t\t\t\t<div class=\"elementor-element elementor-element-9167a32 elementor-widget elementor-widget-heading\" data-id=\"9167a32\" data-element_type=\"widget\" data-e-type=\"widget\" data-widget_type=\"heading.default\">\n\t\t\t\t\t<h2 class=\"elementor-heading-title elementor-size-default\">Les avantages<\/h2>\t\t\t\t<\/div>\n\t\t\t\t\t<\/div>\n\t\t\t\t<\/div>\n\t\t<div class=\"elementor-element elementor-element-0192cb5 e-flex e-con-boxed e-con e-parent\" data-id=\"0192cb5\" data-element_type=\"container\" data-e-type=\"container\">\n\t\t\t\t\t<div class=\"e-con-inner\">\n\t\t\t\t<div class=\"elementor-element elementor-element-b87988d elementor-widget elementor-widget-text-editor\" data-id=\"b87988d\" data-element_type=\"widget\" data-e-type=\"widget\" data-widget_type=\"text-editor.default\">\n\t\t\t\t\t\t\t\t\t<ul><li><strong>Esth\u00e9tique:<\/strong>\u00a0Une fa\u00e7ade propre donne tout de suite une meilleure impression. Votre maison aura l\u2019air plus soign\u00e9e et accueillante.<\/li><li data-sourcepos=\"4:1-4:28\"><strong>Protection:<\/strong>\u00a0La salet\u00e9, la mousse et les lichens peuvent ab\u00eemer les mat\u00e9riaux de votre fa\u00e7ade. En les \u00e9liminant, vous prot\u00e9gez votre maison des intemp\u00e9ries et des agressions ext\u00e9rieures.<\/li><li data-sourcepos=\"5:1-5:122\"><strong>Dur\u00e9e de vie:<\/strong>\u00a0Un nettoyage r\u00e9gulier permet de prolonger la dur\u00e9e de vie des mat\u00e9riaux de votre fa\u00e7ade et ainsi, vous \u00e9vite des travaux de r\u00e9novation plus importants \u00e0 l\u2019avenir.<\/li><li data-sourcepos=\"6:1-7:0\"><strong>Valeur:<\/strong>\u00a0Une maison bien entretenue, avec une fa\u00e7ade propre, a une meilleure valeur marchande.<\/li><\/ul>\t\t\t\t\t\t\t\t<\/div>\n\t\t\t\t\t<\/div>\n\t\t\t\t<\/div>\n\t\t<div class=\"elementor-element elementor-element-37a63c1 e-flex e-con-boxed e-con e-parent\" data-id=\"37a63c1\" data-element_type=\"container\" data-e-type=\"container\">\n\t\t\t\t\t<div class=\"e-con-inner\">\n\t\t\t\t<div class=\"elementor-element elementor-element-d328289 elementor-widget elementor-widget-video\" data-id=\"d328289\" data-element_type=\"widget\" data-e-type=\"widget\" data-settings=\"{&quot;video_type&quot;:&quot;hosted&quot;,&quot;autoplay&quot;:&quot;yes&quot;,&quot;play_on_mobile&quot;:&quot;yes&quot;,&quot;loop&quot;:&quot;yes&quot;}\" data-widget_type=\"video.default\">\n\t\t\t\t\t\t\t<div class=\"e-hosted-video elementor-wrapper elementor-open-inline\">\n\t\t\t\t\t<video class=\"elementor-video\" src=\"http:\/\/ramonagehde.com\/wp-content\/uploads\/2025\/09\/31E359CA-B832-4363-B32A-CA3EFDD3FA9B_result.mov\" autoplay=\"\" loop=\"\" playsinline=\"\" controlsList=\"nodownload\"><\/video>\n\t\t\t\t<\/div>\n\t\t\t\t\t\t<\/div>\n\t\t\t\t\t<\/div>\n\t\t\t\t<\/div>\n\t\t<div class=\"elementor-element elementor-element-0807e4a e-flex e-con-boxed e-con e-parent\" data-id=\"0807e4a\" data-element_type=\"container\" data-e-type=\"container\" data-settings=\"{&quot;background_background&quot;:&quot;classic&quot;}\">\n\t\t\t\t\t<div class=\"e-con-inner\">\n\t\t\t\t<div class=\"elementor-element elementor-element-6608605 elementor-widget elementor-widget-heading\" data-id=\"6608605\" data-element_type=\"widget\" data-e-type=\"widget\" data-widget_type=\"heading.default\">\n\t\t\t\t\t<h2 class=\"elementor-heading-title elementor-size-default\">Pourquoi la salet\u00e9 est-elle un probl\u00e8me ?\n<\/h2>\t\t\t\t<\/div>\n\t\t\t\t\t<\/div>\n\t\t\t\t<\/div>\n\t\t<div class=\"elementor-element elementor-element-eaa82d9 e-flex e-con-boxed e-con e-parent\" data-id=\"eaa82d9\" data-element_type=\"container\" data-e-type=\"container\">\n\t\t\t\t\t<div class=\"e-con-inner\">\n\t\t\t\t<div class=\"elementor-element elementor-element-27f2351 elementor-widget elementor-widget-text-editor\" data-id=\"27f2351\" data-element_type=\"widget\" data-e-type=\"widget\" data-widget_type=\"text-editor.default\">\n\t\t\t\t\t\t\t\t\t<ul><li data-sourcepos=\"10:1-10:204\"><strong>Humidit\u00e9:<\/strong>\u00a0La salet\u00e9 et les v\u00e9g\u00e9taux retiennent l\u2019humidit\u00e9, ce qui favorise l\u2019apparition de moisissures et de champignons. Ces derniers peuvent p\u00e9n\u00e9trer dans les murs et causer des d\u00e9g\u00e2ts importants.<\/li><li data-sourcepos=\"11:1-11:123\"><strong>Fissures:<\/strong>\u00a0Les alternances de gel et de d\u00e9gel, combin\u00e9es \u00e0 la pr\u00e9sence d\u2019humidit\u00e9, peuvent provoquer des fissures dans les murs.<\/li><li data-sourcepos=\"12:1-13:0\"><strong>Infiltrations:<\/strong> Les fissures peuvent laisser passer l\u2019eau de pluie, entra\u00eenant des infiltrations \u00e0 l\u2019int\u00e9rieur de votre maison et des probl\u00e8mes d\u2019humidit\u00e9.\u00a0 \u00a0 \u00a0 En les \u00e9liminant, vous prot\u00e9gez votre maison des intemp\u00e9ries et des agressions ext\u00e9rieures.<\/li><\/ul>\t\t\t\t\t\t\t\t<\/div>\n\t\t\t\t\t<\/div>\n\t\t\t\t<\/div>\n\t\t<div class=\"elementor-element elementor-element-f5a5fa3 e-flex e-con-boxed e-con e-parent\" data-id=\"f5a5fa3\" data-element_type=\"container\" data-e-type=\"container\" data-settings=\"{&quot;background_background&quot;:&quot;classic&quot;}\">\n\t\t\t\t\t<div class=\"e-con-inner\">\n\t\t\t\t<div class=\"elementor-element elementor-element-837539e elementor-widget elementor-widget-heading\" data-id=\"837539e\" data-element_type=\"widget\" data-e-type=\"widget\" data-widget_type=\"heading.default\">\n\t\t\t\t\t<h2 class=\"elementor-heading-title elementor-size-default\">Quand faut-il nettoyer sa fa\u00e7ade ?\n<\/h2>\t\t\t\t<\/div>\n\t\t\t\t\t<\/div>\n\t\t\t\t<\/div>\n\t\t<div class=\"elementor-element elementor-element-2fda9d6 e-flex e-con-boxed e-con e-parent\" data-id=\"2fda9d6\" data-element_type=\"container\" data-e-type=\"container\">\n\t\t\t\t\t<div class=\"e-con-inner\">\n\t\t\t\t<div class=\"elementor-element elementor-element-88654b0 elementor-widget elementor-widget-text-editor\" data-id=\"88654b0\" data-element_type=\"widget\" data-e-type=\"widget\" data-widget_type=\"text-editor.default\">\n\t\t\t\t\t\t\t\t\t<p data-sourcepos=\"16:1-16:56\">La fr\u00e9quence de nettoyage d\u00e9pend de plusieurs facteurs :<\/p><ul><li><strong>La nature des mat\u00e9riaux:<\/strong> Une fa\u00e7ade en pierre ne se salit pas de la m\u00eame mani\u00e8re qu\u2019une fa\u00e7ade en cr\u00e9pi.<\/li><li><strong>L\u2019environnement:<\/strong>\u00a0Si votre maison est situ\u00e9e en ville, elle sera plus expos\u00e9e \u00e0 la pollution et aura besoin d\u2019\u00eatre nettoy\u00e9e plus souvent.<\/li><li><strong>Le climat:<\/strong>\u00a0Les r\u00e9gions pluvieuses et humides favorisent le d\u00e9veloppement des v\u00e9g\u00e9taux sur les fa\u00e7ades.<\/li><\/ul>\t\t\t\t\t\t\t\t<\/div>\n\t\t\t\t\t<\/div>\n\t\t\t\t<\/div>\n\t\t<div class=\"elementor-element elementor-element-628b8b6 e-flex e-con-boxed e-con e-parent\" data-id=\"628b8b6\" data-element_type=\"container\" data-e-type=\"container\">\n\t\t\t\t\t<div class=\"e-con-inner\">\n\t\t\t\t<div class=\"elementor-element elementor-element-0477c59 elementor-widget elementor-widget-heading\" data-id=\"0477c59\" data-element_type=\"widget\" data-e-type=\"widget\" data-widget_type=\"heading.default\">\n\t\t\t\t\t<h2 class=\"elementor-heading-title elementor-size-default\">En g\u00e9n\u00e9ral, il est conseill\u00e9 de nettoyer sa fa\u00e7ade tous les 5 \u00e0 10 ans.<\/h2>\t\t\t\t<\/div>\n\t\t\t\t\t<\/div>\n\t\t\t\t<\/div>\n\t\t<div class=\"elementor-element elementor-element-651f258 e-flex e-con-boxed e-con e-parent\" data-id=\"651f258\" data-element_type=\"container\" data-e-type=\"container\" data-settings=\"{&quot;background_background&quot;:&quot;classic&quot;}\">\n\t\t\t\t\t<div class=\"e-con-inner\">\n\t\t\t\t<div class=\"elementor-element elementor-element-c7b7376 elementor-widget elementor-widget-heading\" data-id=\"c7b7376\" data-element_type=\"widget\" data-e-type=\"widget\" data-widget_type=\"heading.default\">\n\t\t\t\t\t<h2 class=\"elementor-heading-title elementor-size-default\">Comment nettoyer sa fa\u00e7ade ?\n<\/h2>\t\t\t\t<\/div>\n\t\t\t\t\t<\/div>\n\t\t\t\t<\/div>\n\t\t<div class=\"elementor-element elementor-element-63a8b58 e-flex e-con-boxed e-con e-parent\" data-id=\"63a8b58\" data-element_type=\"container\" data-e-type=\"container\" data-settings=\"{&quot;background_background&quot;:&quot;classic&quot;}\">\n\t\t\t\t\t<div class=\"e-con-inner\">\n\t\t\t\t<div class=\"elementor-element elementor-element-769f180 elementor-widget elementor-widget-text-editor\" data-id=\"769f180\" data-element_type=\"widget\" data-e-type=\"widget\" data-widget_type=\"text-editor.default\">\n\t\t\t\t\t\t\t\t\t<p>Le nettoyage d\u2019une fa\u00e7ade doit \u00eatre r\u00e9alis\u00e9 par un <strong>professionnel \u00e9quip\u00e9 du mat\u00e9riel adapt\u00e9<\/strong>. Il existe diff\u00e9rentes techniques de nettoyage, qui seront choisies en fonction de la nature de la salet\u00e9 et des mat\u00e9riaux de la fa\u00e7ade.<\/p><p>Nettoyer sa fa\u00e7ade, c&rsquo;est investir dans la long\u00e9vit\u00e9 et la beaut\u00e9 de sa maison.<\/p>\t\t\t\t\t\t\t\t<\/div>\n\t\t\t\t\t<\/div>\n\t\t\t\t<\/div>\n\t\t<div class=\"elementor-element elementor-element-0bb9f95 e-flex e-con-boxed e-con e-parent\" data-id=\"0bb9f95\" data-element_type=\"container\" data-e-type=\"container\">\n\t\t\t\t\t<div class=\"e-con-inner\">\n\t\t<div class=\"elementor-element elementor-element-97dd86c e-con-full e-flex e-con e-child\" data-id=\"97dd86c\" data-element_type=\"container\" data-e-type=\"container\">\n\t\t\t\t<div class=\"elementor-element elementor-element-39a23a6 elementor-widget elementor-widget-spacer\" data-id=\"39a23a6\" data-element_type=\"widget\" data-e-type=\"widget\" data-widget_type=\"spacer.default\">\n\t\t\t\t\t\t\t<div class=\"elementor-spacer\">\n\t\t\t<div class=\"elementor-spacer-inner\"><\/div>\n\t\t<\/div>\n\t\t\t\t\t\t<\/div>\n\t\t\t\t<\/div>\n\t\t\t\t\t<\/div>\n\t\t\t\t<\/div>\n\t\t<div class=\"elementor-element elementor-element-1be9d76 e-flex e-con-boxed e-con e-parent\" data-id=\"1be9d76\" data-element_type=\"container\" data-e-type=\"container\">\n\t\t\t\t\t<div class=\"e-con-inner\">\n\t\t\t\t<div class=\"elementor-element elementor-element-d7c1d44 elementor-view-default elementor-widget elementor-widget-icon\" data-id=\"d7c1d44\" data-element_type=\"widget\" data-e-type=\"widget\" data-widget_type=\"icon.default\">\n\t\t\t\t\t\t\t<div class=\"elementor-icon-wrapper\">\n\t\t\t<div class=\"elementor-icon\">\n\t\t\t<svg aria-hidden=\"true\" class=\"e-font-icon-svg e-fas-location-arrow\" viewBox=\"0 0 512 512\" xmlns=\"http:\/\/www.w3.org\/2000\/svg\"><path d=\"M444.52 3.52L28.74 195.42c-47.97 22.39-31.98 92.75 19.19 92.75h175.91v175.91c0 51.17 70.36 67.17 92.75 19.19l191.9-415.78c15.99-38.39-25.59-79.97-63.97-63.97z\"><\/path><\/svg>\t\t\t<\/div>\n\t\t<\/div>\n\t\t\t\t\t\t<\/div>\n\t\t\t\t\t<\/div>\n\t\t\t\t<\/div>\n\t\t<div class=\"elementor-element elementor-element-a4c9726 e-flex e-con-boxed e-con e-parent\" data-id=\"a4c9726\" data-element_type=\"container\" data-e-type=\"container\">\n\t\t\t\t\t<div class=\"e-con-inner\">\n\t\t<div class=\"elementor-element elementor-element-880fc37 e-con-full e-flex e-con e-child\" data-id=\"880fc37\" data-element_type=\"container\" data-e-type=\"container\">\n\t\t\t\t<div class=\"elementor-element elementor-element-afe8d96 elementor-widget elementor-widget-heading\" data-id=\"afe8d96\" data-element_type=\"widget\" data-e-type=\"widget\" data-widget_type=\"heading.default\">\n\t\t\t\t\t<h2 class=\"elementor-heading-title elementor-size-default\">Notre secteur d'intervention<\/h2>\t\t\t\t<\/div>\n\t\t\t\t<\/div>\n\t\t\t\t\t<\/div>\n\t\t\t\t<\/div>\n\t\t<div class=\"elementor-element elementor-element-2560dc0 e-flex e-con-boxed e-con e-parent\" data-id=\"2560dc0\" data-element_type=\"container\" data-e-type=\"container\">\n\t\t\t\t\t<div class=\"e-con-inner\">\n\t\t<div class=\"elementor-element elementor-element-68f742d e-con-full e-flex e-con e-child\" data-id=\"68f742d\" data-element_type=\"container\" data-e-type=\"container\">\n\t\t\t\t<div class=\"elementor-element elementor-element-271958d elementor-widget elementor-widget-google_maps\" data-id=\"271958d\" data-element_type=\"widget\" data-e-type=\"widget\" data-widget_type=\"google_maps.default\">\n\t\t\t\t\t\t\t<div class=\"elementor-custom-embed\">\n\t\t\t<iframe loading=\"lazy\"\n\t\t\t\t\tsrc=\"https:\/\/maps.google.com\/maps?q=assais-les-jumeaux&#038;t=m&#038;z=8&#038;output=embed&#038;iwloc=near\"\n\t\t\t\t\ttitle=\"assais-les-jumeaux\"\n\t\t\t\t\taria-label=\"assais-les-jumeaux\"\n\t\t\t><\/iframe>\n\t\t<\/div>\n\t\t\t\t\t\t<\/div>\n\t\t\t\t<\/div>\n\t\t\t\t\t<\/div>\n\t\t\t\t<\/div>\n\t\t<div class=\"elementor-element elementor-element-78348a6 e-flex e-con-boxed e-con e-parent\" data-id=\"78348a6\" data-element_type=\"container\" data-e-type=\"container\">\n\t\t\t\t\t<div class=\"e-con-inner\">\n\t\t<div class=\"elementor-element elementor-element-1065b69 e-con-full e-flex e-con e-child\" data-id=\"1065b69\" data-element_type=\"container\" data-e-type=\"container\">\n\t\t\t\t<div class=\"elementor-element elementor-element-e49f05a elementor-widget elementor-widget-text-editor\" data-id=\"e49f05a\" data-element_type=\"widget\" data-e-type=\"widget\" data-widget_type=\"text-editor.default\">\n\t\t\t\t\t\t\t\t\t<p class=\"p1\">Notre entreprise se situant \u00e0 Assais-les-jumeaux, (79600) nous intervenons dans un rayon de 30 km:<\/p><p class=\"p1\">Airvault (79600), Saint-Loup-Lamair\u00e9 (79600), Th\u00e9nezay (79390),\u00a0Gourg\u00e9 (79200), Louin (79600), Marnes (79600), Availles-Thouarsais (79600), Pressigny (79390), Le Chillou (79600), Cherves (86170), Parthenay (79200), Bressuire (79300), Thouars (79100), Loudun (86200), Moncontour (86330), Oiron (79100), Saint-Varent (79330), Adilly (79200), Viennay (79200)<\/p><p class=\"p1\">Si vous \u00eates hors secteur, contactez nous, nous vous dirons si nous pouvons quand m\u00eame collaborer ensemble. (En fonction de la nature prestation, des autres rendez vous etc).<\/p>\t\t\t\t\t\t\t\t<\/div>\n\t\t\t\t<\/div>\n\t\t\t\t\t<\/div>\n\t\t\t\t<\/div>\n\t\t<div class=\"elementor-element elementor-element-5622aca e-flex e-con-boxed e-con e-parent\" data-id=\"5622aca\" data-element_type=\"container\" data-e-type=\"container\">\n\t\t\t\t\t<div class=\"e-con-inner\">\n\t\t<div class=\"elementor-element elementor-element-f5d06b4 e-con-full e-flex e-con e-child\" data-id=\"f5d06b4\" data-element_type=\"container\" data-e-type=\"container\" data-settings=\"{&quot;background_background&quot;:&quot;classic&quot;}\">\n\t\t\t\t<div class=\"elementor-element elementor-element-84b5c4e elementor-widget elementor-widget-heading\" data-id=\"84b5c4e\" data-element_type=\"widget\" data-e-type=\"widget\" data-widget_type=\"heading.default\">\n\t\t\t\t\t<h3 class=\"elementor-heading-title elementor-size-default\">06 87 65 17 28<\/h3>\t\t\t\t<\/div>\n\t\t\t\t<\/div>\n\t\t\t\t\t<\/div>\n\t\t\t\t<\/div>\n\t\t\t\t<\/div>\n\t\t","protected":false},"excerpt":{"rendered":"<p>ENTREPRISE RAMONAGE HDE Nettoyage fa\u00e7ade Les avantages Esth\u00e9tique:\u00a0Une fa\u00e7ade propre donne tout de suite une meilleure impression. Votre maison aura l\u2019air plus soign\u00e9e et accueillante. Protection:\u00a0La salet\u00e9, la mousse et les lichens peuvent ab\u00eemer les mat\u00e9riaux de votre fa\u00e7ade. En les \u00e9liminant, vous prot\u00e9gez votre maison des intemp\u00e9ries et des agressions ext\u00e9rieures. Dur\u00e9e de vie:\u00a0Un [&hellip;]<\/p>\n","protected":false},"author":1,"featured_media":0,"parent":0,"menu_order":0,"comment_status":"closed","ping_status":"closed","template":"","meta":{"footnotes":""},"class_list":["post-30","page","type-page","status-publish","hentry"],"_links":{"self":[{"href":"https:\/\/ramonagehde.com\/index.php\/wp-json\/wp\/v2\/pages\/30","targetHints":{"allow":["GET"]}}],"collection":[{"href":"https:\/\/ramonagehde.com\/index.php\/wp-json\/wp\/v2\/pages"}],"about":[{"href":"https:\/\/ramonagehde.com\/index.php\/wp-json\/wp\/v2\/types\/page"}],"author":[{"embeddable":true,"href":"https:\/\/ramonagehde.com\/index.php\/wp-json\/wp\/v2\/users\/1"}],"replies":[{"embeddable":true,"href":"https:\/\/ramonagehde.com\/index.php\/wp-json\/wp\/v2\/comments?post=30"}],"version-history":[{"count":62,"href":"https:\/\/ramonagehde.com\/index.php\/wp-json\/wp\/v2\/pages\/30\/revisions"}],"predecessor-version":[{"id":695,"href":"https:\/\/ramonagehde.com\/index.php\/wp-json\/wp\/v2\/pages\/30\/revisions\/695"}],"wp:attachment":[{"href":"https:\/\/ramonagehde.com\/index.php\/wp-json\/wp\/v2\/media?parent=30"}],"curies":[{"name":"wp","href":"https:\/\/api.w.org\/{rel}","templated":true}]}}