{"id":32,"date":"2025-09-15T08:13:51","date_gmt":"2025-09-15T08:13:51","guid":{"rendered":"http:\/\/ramonagehde.com\/?page_id=32"},"modified":"2025-09-22T18:25:32","modified_gmt":"2025-09-22T18:25:32","slug":"destruction","status":"publish","type":"page","link":"https:\/\/ramonagehde.com\/index.php\/destruction\/","title":{"rendered":"Destruction de nids de frelons et guepes"},"content":{"rendered":"\t\t<div data-elementor-type=\"wp-page\" data-elementor-id=\"32\" class=\"elementor elementor-32\">\n\t\t\t\t<div class=\"elementor-element elementor-element-311d754 e-flex e-con-boxed e-con e-parent\" data-id=\"311d754\" data-element_type=\"container\" data-e-type=\"container\" data-settings=\"{&quot;background_background&quot;:&quot;classic&quot;}\">\n\t\t\t\t\t<div class=\"e-con-inner\">\n\t\t<div class=\"elementor-element elementor-element-ad2a72b e-con-full e-flex e-con e-child\" data-id=\"ad2a72b\" data-element_type=\"container\" data-e-type=\"container\" data-settings=\"{&quot;background_background&quot;:&quot;classic&quot;}\">\n\t\t<div class=\"elementor-element elementor-element-e05fa78 e-con-full e-flex e-con e-child\" data-id=\"e05fa78\" data-element_type=\"container\" data-e-type=\"container\" data-settings=\"{&quot;background_background&quot;:&quot;classic&quot;}\">\n\t\t<div class=\"elementor-element elementor-element-c21d371 e-con-full e-flex e-con e-child\" data-id=\"c21d371\" data-element_type=\"container\" data-e-type=\"container\">\n\t\t<div class=\"elementor-element elementor-element-eafc5d9 e-con-full e-flex e-con e-child\" data-id=\"eafc5d9\" data-element_type=\"container\" data-e-type=\"container\" data-settings=\"{&quot;background_background&quot;:&quot;classic&quot;}\">\n\t\t\t\t<div class=\"elementor-element elementor-element-7906dca elementor-widget elementor-widget-heading\" data-id=\"7906dca\" data-element_type=\"widget\" data-e-type=\"widget\" data-widget_type=\"heading.default\">\n\t\t\t\t\t<h1 class=\"elementor-heading-title elementor-size-default\">ENTREPRISE <br>RAMONAGE HDE<\/h1>\t\t\t\t<\/div>\n\t\t\t\t<\/div>\n\t\t<div class=\"elementor-element elementor-element-3d97195 e-con-full e-flex e-con e-child\" data-id=\"3d97195\" data-element_type=\"container\" data-e-type=\"container\" data-settings=\"{&quot;background_background&quot;:&quot;classic&quot;}\">\n\t\t\t\t<div class=\"elementor-element elementor-element-e8d5595 elementor-widget elementor-widget-heading\" data-id=\"e8d5595\" data-element_type=\"widget\" data-e-type=\"widget\" data-widget_type=\"heading.default\">\n\t\t\t\t\t<h1 class=\"elementor-heading-title elementor-size-default\">DESTRUCTION DE NIDS \n<\/h1>\t\t\t\t<\/div>\n\t\t\t\t<div class=\"elementor-element elementor-element-219520a elementor-widget elementor-widget-heading\" data-id=\"219520a\" data-element_type=\"widget\" data-e-type=\"widget\" data-widget_type=\"heading.default\">\n\t\t\t\t\t<h1 class=\"elementor-heading-title elementor-size-default\">\nfrelons et gu\u00eapes<\/h1>\t\t\t\t<\/div>\n\t\t\t\t<\/div>\n\t\t\t\t<\/div>\n\t\t\t\t<\/div>\n\t\t\t\t<\/div>\n\t\t\t\t\t<\/div>\n\t\t\t\t<\/div>\n\t\t<div class=\"elementor-element elementor-element-6d3dab1 e-flex e-con-boxed e-con e-parent\" data-id=\"6d3dab1\" data-element_type=\"container\" data-e-type=\"container\">\n\t\t\t\t\t<div class=\"e-con-inner\">\n\t\t<div class=\"elementor-element elementor-element-84f65e1 e-con-full e-flex e-con e-child\" data-id=\"84f65e1\" data-element_type=\"container\" data-e-type=\"container\">\n\t\t\t\t<div class=\"elementor-element elementor-element-84d08e3 elementor-widget elementor-widget-image\" data-id=\"84d08e3\" data-element_type=\"widget\" data-e-type=\"widget\" data-widget_type=\"image.default\">\n\t\t\t\t\t\t\t\t\t\t\t\t\t\t\t<img fetchpriority=\"high\" decoding=\"async\" width=\"497\" height=\"587\" src=\"https:\/\/ramonagehde.com\/wp-content\/uploads\/2025\/09\/Capture-decran-2025-09-19-a-17.48.59.png\" class=\"attachment-large size-large wp-image-544\" alt=\"\" srcset=\"https:\/\/ramonagehde.com\/wp-content\/uploads\/2025\/09\/Capture-decran-2025-09-19-a-17.48.59.png 497w, https:\/\/ramonagehde.com\/wp-content\/uploads\/2025\/09\/Capture-decran-2025-09-19-a-17.48.59-254x300.png 254w\" sizes=\"(max-width: 497px) 100vw, 497px\" \/>\t\t\t\t\t\t\t\t\t\t\t\t\t\t\t<\/div>\n\t\t\t\t<\/div>\n\t\t<div class=\"elementor-element elementor-element-d21a767 e-con-full e-flex e-con e-child\" data-id=\"d21a767\" data-element_type=\"container\" data-e-type=\"container\" data-settings=\"{&quot;background_background&quot;:&quot;classic&quot;}\">\n\t\t\t\t<div class=\"elementor-element elementor-element-7308e09 elementor-widget elementor-widget-heading\" data-id=\"7308e09\" data-element_type=\"widget\" data-e-type=\"widget\" data-widget_type=\"heading.default\">\n\t\t\t\t\t<h2 class=\"elementor-heading-title elementor-size-default\">Des nuisibles chez vous<\/h2>\t\t\t\t<\/div>\n\t\t\t\t<div class=\"elementor-element elementor-element-ef873f7 elementor-widget elementor-widget-text-editor\" data-id=\"ef873f7\" data-element_type=\"widget\" data-e-type=\"widget\" data-widget_type=\"text-editor.default\">\n\t\t\t\t\t\t\t\t\t<div class=\"elementor-element elementor-element-767a857 elementor-widget elementor-widget-spacer\" data-id=\"767a857\" data-element_type=\"widget\" data-widget_type=\"spacer.default\"><div class=\"elementor-widget-container\"><div class=\"elementor-spacer\">Un <strong>nid de gu\u00eapes<\/strong>, un\u00a0<strong>nid de frelons europ\u00e9en\u00a0<\/strong>ou\u00a0<strong>asiatiques<\/strong>\u2026 a \u00e9lu domicile dans votre chemin\u00e9e, sur votre porche d\u2019entr\u00e9e, dans votre toit, sur le mur de votre maison, dans votre grenier, dans votre boite aux lettres, dans vos volets roulants, dans un arbre \u2026<\/div><\/div><\/div>\t\t\t\t\t\t\t\t<\/div>\n\t\t\t\t<\/div>\n\t\t\t\t\t<\/div>\n\t\t\t\t<\/div>\n\t\t<div class=\"elementor-element elementor-element-27bb9aa e-flex e-con-boxed e-con e-parent\" data-id=\"27bb9aa\" data-element_type=\"container\" data-e-type=\"container\" data-settings=\"{&quot;background_background&quot;:&quot;classic&quot;}\">\n\t\t\t\t\t<div class=\"e-con-inner\">\n\t\t\t\t<div class=\"elementor-element elementor-element-c8fb628 elementor-widget elementor-widget-text-editor\" data-id=\"c8fb628\" data-element_type=\"widget\" data-e-type=\"widget\" data-widget_type=\"text-editor.default\">\n\t\t\t\t\t\t\t\t\t<p data-sourcepos=\"3:1-3:52\"><strong>Vous avez un nid de gu\u00eapes ou de frelons chez vous ?<\/strong><\/p><p data-sourcepos=\"5:1-5:115\">Pas de panique ! Les gu\u00eapes et les frelons peuvent \u00eatre dangereux, surtout si vous \u00eates allergique \u00e0 leurs piq\u00fbres.<\/p><p data-sourcepos=\"7:1-7:45\"><strong>Pourquoi faire appel \u00e0 un professionnel ?<\/strong><\/p><ul data-sourcepos=\"9:1-9:76\"><li data-sourcepos=\"9:1-9:76\"><strong>S\u00e9curit\u00e9 :<\/strong>\u00a0Enlever un nid soi-m\u00eame est risqu\u00e9. Les professionnels sont \u00e9quip\u00e9s et form\u00e9s pour intervenir en toute s\u00e9curit\u00e9.<\/li><li data-sourcepos=\"10:1-10:94\"><strong>Efficacit\u00e9 :<\/strong>\u00a0Ils connaissent les techniques pour \u00e9liminer les nids rapidement et durablement.<\/li><li data-sourcepos=\"11:1-12:0\"><strong>R\u00e9glementation :<\/strong>\u00a0La destruction de nids est souvent r\u00e9glement\u00e9e. Les pros sont autoris\u00e9s \u00e0 intervenir.<\/li><\/ul><p data-sourcepos=\"13:1-13:18\"><strong>Nos services :<\/strong><\/p><ul data-sourcepos=\"15:1-19:0\"><li data-sourcepos=\"15:1-15:66\"><strong>Intervention rapide :<\/strong> Nous intervenons sur\u00a0 et sa r\u00e9gion.<\/li><li data-sourcepos=\"16:1-16:92\"><strong>Experts :<\/strong>\u00a0Nous sommes sp\u00e9cialis\u00e9s dans la destruction de nids de gu\u00eapes et de frelons.<\/li><li data-sourcepos=\"17:1-17:109\"><strong>S\u00e9curit\u00e9 :<\/strong>\u00a0Nous utilisons des produits respectueux de l\u2019environnement et travaillons en toute s\u00e9curit\u00e9.<\/li><li data-sourcepos=\"18:1-19:0\"><strong>Devis gratuit :<\/strong>\u00a0Contactez-nous pour obtenir un devis personnalis\u00e9.<\/li><\/ul><p data-sourcepos=\"20:1-20:27\"><strong>Pourquoi nous choisir ?<\/strong><\/p><ul data-sourcepos=\"22:1-22:49\"><li data-sourcepos=\"22:1-22:49\"><strong>Protection de la biodiversit\u00e9 :<\/strong>\u00a0Nous sommes soucieux de l\u2019environnement.<\/li><li data-sourcepos=\"23:1-24:0\"><strong>Exp\u00e9rience :<\/strong>\u00a0Nous avons une grande exp\u00e9rience dans la gestion des probl\u00e8mes li\u00e9s aux gu\u00eapes et aux frelons.<\/li><\/ul>\t\t\t\t\t\t\t\t<\/div>\n\t\t\t\t\t<\/div>\n\t\t\t\t<\/div>\n\t\t<div class=\"elementor-element elementor-element-c9f739d e-flex e-con-boxed e-con e-parent\" data-id=\"c9f739d\" data-element_type=\"container\" data-e-type=\"container\">\n\t\t\t\t\t<div class=\"e-con-inner\">\n\t\t\t\t<div class=\"elementor-element elementor-element-e5594d6 elementor-alert-info elementor-widget elementor-widget-alert\" data-id=\"e5594d6\" data-element_type=\"widget\" data-e-type=\"widget\" data-widget_type=\"alert.default\">\n\t\t\t\t\t\t\t<div class=\"elementor-alert\" role=\"alert\">\n\n\t\t\t\t\t\t<span class=\"elementor-alert-title\">IMPORTANT<\/span>\n\t\t\t\n\t\t\t\t\t\t<span class=\"elementor-alert-description\">Le frelon asiatique est une esp\u00e8ce invasive qui menace les abeilles. Il est important de le d\u00e9truire pour prot\u00e9ger la biodiversit\u00e9.<\/span>\n\t\t\t\n\t\t\t\t\t\t<button type=\"button\" class=\"elementor-alert-dismiss\" aria-label=\"Ignorer cette alerte.\">\n\t\t\t\t<svg aria-hidden=\"true\" class=\"e-font-icon-svg e-far-lightbulb\" viewBox=\"0 0 352 512\" xmlns=\"http:\/\/www.w3.org\/2000\/svg\"><path d=\"M176 80c-52.94 0-96 43.06-96 96 0 8.84 7.16 16 16 16s16-7.16 16-16c0-35.3 28.72-64 64-64 8.84 0 16-7.16 16-16s-7.16-16-16-16zM96.06 459.17c0 3.15.93 6.22 2.68 8.84l24.51 36.84c2.97 4.46 7.97 7.14 13.32 7.14h78.85c5.36 0 10.36-2.68 13.32-7.14l24.51-36.84c1.74-2.62 2.67-5.7 2.68-8.84l.05-43.18H96.02l.04 43.18zM176 0C73.72 0 0 82.97 0 176c0 44.37 16.45 84.85 43.56 115.78 16.64 18.99 42.74 58.8 52.42 92.16v.06h48v-.12c-.01-4.77-.72-9.51-2.15-14.07-5.59-17.81-22.82-64.77-62.17-109.67-20.54-23.43-31.52-53.15-31.61-84.14-.2-73.64 59.67-128 127.95-128 70.58 0 128 57.42 128 128 0 30.97-11.24 60.85-31.65 84.14-39.11 44.61-56.42 91.47-62.1 109.46a47.507 47.507 0 0 0-2.22 14.3v.1h48v-.05c9.68-33.37 35.78-73.18 52.42-92.16C335.55 260.85 352 220.37 352 176 352 78.8 273.2 0 176 0z\"><\/path><\/svg>\t\t\t<\/button>\n\t\t\t\n\t\t<\/div>\n\t\t\t\t\t\t<\/div>\n\t\t\t\t\t<\/div>\n\t\t\t\t<\/div>\n\t\t<div class=\"elementor-element elementor-element-4d19e5b e-flex e-con-boxed e-con e-parent\" data-id=\"4d19e5b\" data-element_type=\"container\" data-e-type=\"container\">\n\t\t\t\t\t<div class=\"e-con-inner\">\n\t\t\t\t<div class=\"elementor-element elementor-element-e2c6d74 elementor-widget elementor-widget-spacer\" data-id=\"e2c6d74\" data-element_type=\"widget\" data-e-type=\"widget\" data-widget_type=\"spacer.default\">\n\t\t\t\t\t\t\t<div class=\"elementor-spacer\">\n\t\t\t<div class=\"elementor-spacer-inner\"><\/div>\n\t\t<\/div>\n\t\t\t\t\t\t<\/div>\n\t\t\t\t\t<\/div>\n\t\t\t\t<\/div>\n\t\t<div class=\"elementor-element elementor-element-c54bdca e-flex e-con-boxed e-con e-parent\" data-id=\"c54bdca\" data-element_type=\"container\" data-e-type=\"container\">\n\t\t\t\t\t<div class=\"e-con-inner\">\n\t\t\t\t<div class=\"elementor-element elementor-element-47bdaf5 elementor-view-default elementor-widget elementor-widget-icon\" data-id=\"47bdaf5\" data-element_type=\"widget\" data-e-type=\"widget\" data-widget_type=\"icon.default\">\n\t\t\t\t\t\t\t<div class=\"elementor-icon-wrapper\">\n\t\t\t<div class=\"elementor-icon\">\n\t\t\t<svg aria-hidden=\"true\" class=\"e-font-icon-svg e-fas-location-arrow\" viewBox=\"0 0 512 512\" xmlns=\"http:\/\/www.w3.org\/2000\/svg\"><path d=\"M444.52 3.52L28.74 195.42c-47.97 22.39-31.98 92.75 19.19 92.75h175.91v175.91c0 51.17 70.36 67.17 92.75 19.19l191.9-415.78c15.99-38.39-25.59-79.97-63.97-63.97z\"><\/path><\/svg>\t\t\t<\/div>\n\t\t<\/div>\n\t\t\t\t\t\t<\/div>\n\t\t\t\t\t<\/div>\n\t\t\t\t<\/div>\n\t\t<div class=\"elementor-element elementor-element-b977dbf e-flex e-con-boxed e-con e-parent\" data-id=\"b977dbf\" data-element_type=\"container\" data-e-type=\"container\">\n\t\t\t\t\t<div class=\"e-con-inner\">\n\t\t\t\t<div class=\"elementor-element elementor-element-f923b77 elementor-widget elementor-widget-heading\" data-id=\"f923b77\" data-element_type=\"widget\" data-e-type=\"widget\" data-widget_type=\"heading.default\">\n\t\t\t\t\t<h2 class=\"elementor-heading-title elementor-size-default\">Notre secteur d'intervention<\/h2>\t\t\t\t<\/div>\n\t\t\t\t\t<\/div>\n\t\t\t\t<\/div>\n\t\t<div class=\"elementor-element elementor-element-56f6989 e-con-full e-flex e-con e-parent\" data-id=\"56f6989\" data-element_type=\"container\" data-e-type=\"container\">\n\t\t\t\t<div class=\"elementor-element elementor-element-4d8dde5 elementor-widget elementor-widget-google_maps\" data-id=\"4d8dde5\" data-element_type=\"widget\" data-e-type=\"widget\" data-widget_type=\"google_maps.default\">\n\t\t\t\t\t\t\t<div class=\"elementor-custom-embed\">\n\t\t\t<iframe loading=\"lazy\"\n\t\t\t\t\tsrc=\"https:\/\/maps.google.com\/maps?q=assais-les-jumeaux&#038;t=m&#038;z=8&#038;output=embed&#038;iwloc=near\"\n\t\t\t\t\ttitle=\"assais-les-jumeaux\"\n\t\t\t\t\taria-label=\"assais-les-jumeaux\"\n\t\t\t><\/iframe>\n\t\t<\/div>\n\t\t\t\t\t\t<\/div>\n\t\t\t\t<\/div>\n\t\t<div class=\"elementor-element elementor-element-60015bc e-flex e-con-boxed e-con e-parent\" data-id=\"60015bc\" data-element_type=\"container\" data-e-type=\"container\">\n\t\t\t\t\t<div class=\"e-con-inner\">\n\t\t\t\t<div class=\"elementor-element elementor-element-dfd8535 elementor-widget elementor-widget-text-editor\" data-id=\"dfd8535\" data-element_type=\"widget\" data-e-type=\"widget\" data-widget_type=\"text-editor.default\">\n\t\t\t\t\t\t\t\t\t<p class=\"p1\">Notre entreprise se situant \u00e0 Assais-les-jumeaux, (79600) nous intervenons dans un rayon de 30 km:<\/p><p class=\"p1\">Airvault (79600), Saint-Loup-Lamair\u00e9 (79600), Th\u00e9nezay (79390),\u00a0Gourg\u00e9 (79200), Louin (79600), Marnes (79600), Availles-Thouarsais (79600), Pressigny (79390), Le Chillou (79600), Cherves (86170), Parthenay (79200), Bressuire (79300), Thouars (79100), Loudun (86200), Moncontour (86330), Oiron (79100), Saint-Varent (79330), Adilly (79200), Viennay (79200)<\/p><p class=\"p1\">Si vous \u00eates hors secteur, contactez nous, nous vous dirons si nous pouvons quand m\u00eame collaborer ensemble. (En fonction de la nature prestation, des autres rendez vous etc).<\/p>\t\t\t\t\t\t\t\t<\/div>\n\t\t\t\t\t<\/div>\n\t\t\t\t<\/div>\n\t\t<div class=\"elementor-element elementor-element-2e4a939 e-flex e-con-boxed e-con e-parent\" data-id=\"2e4a939\" data-element_type=\"container\" data-e-type=\"container\">\n\t\t\t\t\t<div class=\"e-con-inner\">\n\t\t<div class=\"elementor-element elementor-element-5107be4 e-con-full e-flex e-con e-child\" data-id=\"5107be4\" data-element_type=\"container\" data-e-type=\"container\" data-settings=\"{&quot;background_background&quot;:&quot;classic&quot;}\">\n\t\t\t\t<div class=\"elementor-element elementor-element-628ffad elementor-widget elementor-widget-heading\" data-id=\"628ffad\" data-element_type=\"widget\" data-e-type=\"widget\" data-widget_type=\"heading.default\">\n\t\t\t\t\t<h3 class=\"elementor-heading-title elementor-size-default\">06 87 65 17 28<\/h3>\t\t\t\t<\/div>\n\t\t\t\t<\/div>\n\t\t\t\t\t<\/div>\n\t\t\t\t<\/div>\n\t\t\t\t<\/div>\n\t\t","protected":false},"excerpt":{"rendered":"<p>ENTREPRISE RAMONAGE HDE DESTRUCTION DE NIDS frelons et gu\u00eapes Des nuisibles chez vous Un nid de gu\u00eapes, un\u00a0nid de frelons europ\u00e9en\u00a0ou\u00a0asiatiques\u2026 a \u00e9lu domicile dans votre chemin\u00e9e, sur votre porche d\u2019entr\u00e9e, dans votre toit, sur le mur de votre maison, dans votre grenier, dans votre boite aux lettres, dans vos volets roulants, dans un arbre [&hellip;]<\/p>\n","protected":false},"author":1,"featured_media":0,"parent":0,"menu_order":0,"comment_status":"closed","ping_status":"closed","template":"","meta":{"footnotes":""},"class_list":["post-32","page","type-page","status-publish","hentry"],"_links":{"self":[{"href":"https:\/\/ramonagehde.com\/index.php\/wp-json\/wp\/v2\/pages\/32","targetHints":{"allow":["GET"]}}],"collection":[{"href":"https:\/\/ramonagehde.com\/index.php\/wp-json\/wp\/v2\/pages"}],"about":[{"href":"https:\/\/ramonagehde.com\/index.php\/wp-json\/wp\/v2\/types\/page"}],"author":[{"embeddable":true,"href":"https:\/\/ramonagehde.com\/index.php\/wp-json\/wp\/v2\/users\/1"}],"replies":[{"embeddable":true,"href":"https:\/\/ramonagehde.com\/index.php\/wp-json\/wp\/v2\/comments?post=32"}],"version-history":[{"count":47,"href":"https:\/\/ramonagehde.com\/index.php\/wp-json\/wp\/v2\/pages\/32\/revisions"}],"predecessor-version":[{"id":686,"href":"https:\/\/ramonagehde.com\/index.php\/wp-json\/wp\/v2\/pages\/32\/revisions\/686"}],"wp:attachment":[{"href":"https:\/\/ramonagehde.com\/index.php\/wp-json\/wp\/v2\/media?parent=32"}],"curies":[{"name":"wp","href":"https:\/\/api.w.org\/{rel}","templated":true}]}}