{"id":613,"date":"2025-09-22T09:02:29","date_gmt":"2025-09-22T09:02:29","guid":{"rendered":"http:\/\/ramonagehde.com\/?page_id=613"},"modified":"2025-09-22T18:24:52","modified_gmt":"2025-09-22T18:24:52","slug":"nettoyage-batiment","status":"publish","type":"page","link":"https:\/\/ramonagehde.com\/index.php\/nettoyage-batiment\/","title":{"rendered":"Nettoyage b\u00e2timent"},"content":{"rendered":"\t\t<div data-elementor-type=\"wp-page\" data-elementor-id=\"613\" class=\"elementor elementor-613\">\n\t\t\t\t<div class=\"elementor-element elementor-element-015aea9 e-con-full e-flex e-con e-parent\" data-id=\"015aea9\" data-element_type=\"container\" data-e-type=\"container\" data-settings=\"{&quot;background_background&quot;:&quot;classic&quot;}\">\n\t\t<div class=\"elementor-element elementor-element-0a5ed49 e-con-full e-flex e-con e-child\" data-id=\"0a5ed49\" data-element_type=\"container\" data-e-type=\"container\" data-settings=\"{&quot;background_background&quot;:&quot;classic&quot;}\">\n\t\t<div class=\"elementor-element elementor-element-7208027 e-con-full e-flex e-con e-child\" data-id=\"7208027\" data-element_type=\"container\" data-e-type=\"container\">\n\t\t<div class=\"elementor-element elementor-element-a24773b e-con-full e-flex e-con e-child\" data-id=\"a24773b\" data-element_type=\"container\" data-e-type=\"container\" data-settings=\"{&quot;background_background&quot;:&quot;classic&quot;}\">\n\t\t\t\t<div class=\"elementor-element elementor-element-dcd35e1 elementor-widget elementor-widget-heading\" data-id=\"dcd35e1\" data-element_type=\"widget\" data-e-type=\"widget\" data-widget_type=\"heading.default\">\n\t\t\t\t\t<h1 class=\"elementor-heading-title elementor-size-default\">ENTREPRISE <br>RAMONAGE HDE<\/h1>\t\t\t\t<\/div>\n\t\t\t\t<\/div>\n\t\t<div class=\"elementor-element elementor-element-a91553a e-con-full e-flex e-con e-child\" data-id=\"a91553a\" data-element_type=\"container\" data-e-type=\"container\" data-settings=\"{&quot;background_background&quot;:&quot;classic&quot;}\">\n\t\t\t\t<div class=\"elementor-element elementor-element-4bf3847 elementor-widget elementor-widget-heading\" data-id=\"4bf3847\" data-element_type=\"widget\" data-e-type=\"widget\" data-widget_type=\"heading.default\">\n\t\t\t\t\t<h1 class=\"elementor-heading-title elementor-size-default\">Nettoyage b\u00e2timent<\/h1>\t\t\t\t<\/div>\n\t\t\t\t<\/div>\n\t\t\t\t<\/div>\n\t\t\t\t<\/div>\n\t\t\t\t<\/div>\n\t\t<div class=\"elementor-element elementor-element-062e7f3 e-con-full e-flex e-con e-parent\" data-id=\"062e7f3\" data-element_type=\"container\" data-e-type=\"container\" data-settings=\"{&quot;background_background&quot;:&quot;classic&quot;}\">\n\t\t<div class=\"elementor-element elementor-element-71313ac e-flex e-con-boxed e-con e-child\" data-id=\"71313ac\" data-element_type=\"container\" data-e-type=\"container\">\n\t\t\t\t\t<div class=\"e-con-inner\">\n\t\t\t\t<div class=\"elementor-element elementor-element-e0de406 elementor-widget elementor-widget-video\" data-id=\"e0de406\" data-element_type=\"widget\" data-e-type=\"widget\" data-settings=\"{&quot;video_type&quot;:&quot;hosted&quot;,&quot;autoplay&quot;:&quot;yes&quot;,&quot;play_on_mobile&quot;:&quot;yes&quot;,&quot;loop&quot;:&quot;yes&quot;}\" data-widget_type=\"video.default\">\n\t\t\t\t\t\t\t<div class=\"e-hosted-video elementor-wrapper elementor-open-inline\">\n\t\t\t\t\t<video class=\"elementor-video\" src=\"http:\/\/ramonagehde.com\/wp-content\/uploads\/2025\/09\/C4D8CD6E-DC96-4EF5-BA45-CAB76DB0A24B_result.mov\" autoplay=\"\" loop=\"\" playsinline=\"\" controlsList=\"nodownload\"><\/video>\n\t\t\t\t<\/div>\n\t\t\t\t\t\t<\/div>\n\t\t\t\t\t<\/div>\n\t\t\t\t<\/div>\n\t\t<div class=\"elementor-element elementor-element-8efd011 e-con-full e-flex e-con e-child\" data-id=\"8efd011\" data-element_type=\"container\" data-e-type=\"container\" data-settings=\"{&quot;background_background&quot;:&quot;classic&quot;}\">\n\t\t\t\t<div class=\"elementor-element elementor-element-5a1b5ae elementor-widget elementor-widget-text-editor\" data-id=\"5a1b5ae\" data-element_type=\"widget\" data-e-type=\"widget\" data-widget_type=\"text-editor.default\">\n\t\t\t\t\t\t\t\t\t<p class=\"p2\"><em><strong>Le nettoyage d\u2019un b\u00e2timent industriel est une op\u00e9ration essentielle pour de nombreuses raisons, tant pour la s\u00e9curit\u00e9 et la sant\u00e9 des travailleurs que pour l\u2019efficacit\u00e9 de la production et la dur\u00e9e de vie des \u00e9quipements.<\/strong><\/em><\/p>\t\t\t\t\t\t\t\t<\/div>\n\t\t\t\t<\/div>\n\t\t\t\t<\/div>\n\t\t<div class=\"elementor-element elementor-element-71082e4 e-flex e-con-boxed e-con e-parent\" data-id=\"71082e4\" data-element_type=\"container\" data-e-type=\"container\">\n\t\t\t\t\t<div class=\"e-con-inner\">\n\t\t\t\t<div class=\"elementor-element elementor-element-e09c82d elementor-widget elementor-widget-heading\" data-id=\"e09c82d\" data-element_type=\"widget\" data-e-type=\"widget\" data-widget_type=\"heading.default\">\n\t\t\t\t\t<h2 class=\"elementor-heading-title elementor-size-default\">Voici les principaux motifs :\n<\/h2>\t\t\t\t<\/div>\n\t\t\t\t\t<\/div>\n\t\t\t\t<\/div>\n\t\t<div class=\"elementor-element elementor-element-9078851 e-flex e-con-boxed e-con e-parent\" data-id=\"9078851\" data-element_type=\"container\" data-e-type=\"container\">\n\t\t\t\t\t<div class=\"e-con-inner\">\n\t\t\t\t<div class=\"elementor-element elementor-element-53ff899 elementor-widget elementor-widget-heading\" data-id=\"53ff899\" data-element_type=\"widget\" data-e-type=\"widget\" data-widget_type=\"heading.default\">\n\t\t\t\t\t<h2 class=\"elementor-heading-title elementor-size-default\">S\u00e9curit\u00e9 et sant\u00e9<\/h2>\t\t\t\t<\/div>\n\t\t\t\t\t<\/div>\n\t\t\t\t<\/div>\n\t\t<div class=\"elementor-element elementor-element-10dcf09 e-flex e-con-boxed e-con e-parent\" data-id=\"10dcf09\" data-element_type=\"container\" data-e-type=\"container\">\n\t\t\t\t\t<div class=\"e-con-inner\">\n\t\t\t\t<div class=\"elementor-element elementor-element-65bd518 elementor-widget elementor-widget-text-editor\" data-id=\"65bd518\" data-element_type=\"widget\" data-e-type=\"widget\" data-widget_type=\"text-editor.default\">\n\t\t\t\t\t\t\t\t\t<ul data-sourcepos=\"4:1-4:77\"><li data-sourcepos=\"4:1-4:77\"><strong>Pr\u00e9vention des accidents:<\/strong>\u00a0Un environnement propre r\u00e9duit les risques de glissades, de chutes et de blessures li\u00e9es \u00e0 la pr\u00e9sence de d\u00e9chets ou de substances dangereuses.<\/li><li data-sourcepos=\"5:1-5:55\"><strong>R\u00e9duction des risques pour la sant\u00e9:<\/strong>\u00a0Le nettoyage r\u00e9gulier \u00e9limine les poussi\u00e8res, les allerg\u00e8nes et les agents pathog\u00e8nes, am\u00e9liorant ainsi la qualit\u00e9 de l\u2019air et r\u00e9duisant les risques de maladies professionnelles.<\/li><li data-sourcepos=\"6:1-7:0\"><strong>Conformit\u00e9 aux normes:<\/strong>\u00a0De nombreuses industries sont soumises \u00e0 des r\u00e9glementations strictes en mati\u00e8re d\u2019hygi\u00e8ne et de s\u00e9curit\u00e9. Le nettoyage r\u00e9gulier permet de s\u2019y conformer.<\/li><\/ul>\t\t\t\t\t\t\t\t<\/div>\n\t\t\t\t\t<\/div>\n\t\t\t\t<\/div>\n\t\t<div class=\"elementor-element elementor-element-f5a4944 e-flex e-con-boxed e-con e-parent\" data-id=\"f5a4944\" data-element_type=\"container\" data-e-type=\"container\">\n\t\t\t\t\t<div class=\"e-con-inner\">\n\t\t\t\t<div class=\"elementor-element elementor-element-f54eded elementor-widget elementor-widget-heading\" data-id=\"f54eded\" data-element_type=\"widget\" data-e-type=\"widget\" data-widget_type=\"heading.default\">\n\t\t\t\t\t<h2 class=\"elementor-heading-title elementor-size-default\">Efficacit\u00e9 de la production<\/h2>\t\t\t\t<\/div>\n\t\t\t\t\t<\/div>\n\t\t\t\t<\/div>\n\t\t<div class=\"elementor-element elementor-element-7b0ae3c e-flex e-con-boxed e-con e-parent\" data-id=\"7b0ae3c\" data-element_type=\"container\" data-e-type=\"container\">\n\t\t\t\t\t<div class=\"e-con-inner\">\n\t\t\t\t<div class=\"elementor-element elementor-element-4378c28 elementor-widget elementor-widget-text-editor\" data-id=\"4378c28\" data-element_type=\"widget\" data-e-type=\"widget\" data-widget_type=\"text-editor.default\">\n\t\t\t\t\t\t\t\t\t<ul data-sourcepos=\"9:1-11:95\"><li data-sourcepos=\"9:1-9:183\"><strong>Am\u00e9lioration de la qualit\u00e9 des produits:<\/strong>\u00a0Un environnement propre r\u00e9duit les risques de contamination des produits, garantissant ainsi leur qualit\u00e9 et leur conformit\u00e9 aux normes.<\/li><li data-sourcepos=\"10:1-10:162\"><strong>Optimisation de la production:<\/strong>\u00a0Un espace de travail propre et bien organis\u00e9 favorise une meilleure concentration des employ\u00e9s et une plus grande efficacit\u00e9.<\/li><li data-sourcepos=\"11:1-11:95\"><strong>Protection des \u00e9quipements:<\/strong>\u00a0Le nettoyage r\u00e9gulier pr\u00e9vient l\u2019accumulation de salet\u00e9 et de corrosifs qui peuvent endommager les machines et les \u00e9quipements, r\u00e9duisant ainsi les co\u00fbts de maintenance.<\/li><\/ul>\t\t\t\t\t\t\t\t<\/div>\n\t\t\t\t\t<\/div>\n\t\t\t\t<\/div>\n\t\t<div class=\"elementor-element elementor-element-bfe69f0 e-flex e-con-boxed e-con e-parent\" data-id=\"bfe69f0\" data-element_type=\"container\" data-e-type=\"container\">\n\t\t\t\t\t<div class=\"e-con-inner\">\n\t\t\t\t<div class=\"elementor-element elementor-element-a0f5017 elementor-widget elementor-widget-heading\" data-id=\"a0f5017\" data-element_type=\"widget\" data-e-type=\"widget\" data-widget_type=\"heading.default\">\n\t\t\t\t\t<h2 class=\"elementor-heading-title elementor-size-default\">Dur\u00e9e de vie des b\u00e2timents et \u00e9quipements\n<\/h2>\t\t\t\t<\/div>\n\t\t\t\t\t<\/div>\n\t\t\t\t<\/div>\n\t\t<div class=\"elementor-element elementor-element-f990093 e-flex e-con-boxed e-con e-parent\" data-id=\"f990093\" data-element_type=\"container\" data-e-type=\"container\">\n\t\t\t\t\t<div class=\"e-con-inner\">\n\t\t\t\t<div class=\"elementor-element elementor-element-c118d9a elementor-widget elementor-widget-text-editor\" data-id=\"c118d9a\" data-element_type=\"widget\" data-e-type=\"widget\" data-widget_type=\"text-editor.default\">\n\t\t\t\t\t\t\t\t\t<ul data-sourcepos=\"14:1-16:0\"><li data-sourcepos=\"14:1-14:154\"><strong>Protection des structures:<\/strong>\u00a0Le nettoyage r\u00e9gulier emp\u00eache l\u2019accumulation de substances corrosives qui peuvent d\u00e9grader les mat\u00e9riaux de construction.<\/li><li data-sourcepos=\"15:1-16:0\"><strong>Allongement de la dur\u00e9e de vie des \u00e9quipements:<\/strong>\u00a0Un entretien r\u00e9gulier des machines et des \u00e9quipements prolonge leur dur\u00e9e de vie et r\u00e9duit les co\u00fbts de remplacement.<\/li><\/ul>\t\t\t\t\t\t\t\t<\/div>\n\t\t\t\t\t<\/div>\n\t\t\t\t<\/div>\n\t\t<div class=\"elementor-element elementor-element-a46b3f5 e-flex e-con-boxed e-con e-parent\" data-id=\"a46b3f5\" data-element_type=\"container\" data-e-type=\"container\">\n\t\t\t\t\t<div class=\"e-con-inner\">\n\t\t\t\t<div class=\"elementor-element elementor-element-b6a270b elementor-widget elementor-widget-heading\" data-id=\"b6a270b\" data-element_type=\"widget\" data-e-type=\"widget\" data-widget_type=\"heading.default\">\n\t\t\t\t\t<h2 class=\"elementor-heading-title elementor-size-default\">Image de marque\n<\/h2>\t\t\t\t<\/div>\n\t\t\t\t\t<\/div>\n\t\t\t\t<\/div>\n\t\t<div class=\"elementor-element elementor-element-f6a3561 e-flex e-con-boxed e-con e-parent\" data-id=\"f6a3561\" data-element_type=\"container\" data-e-type=\"container\">\n\t\t\t\t\t<div class=\"e-con-inner\">\n\t\t\t\t<div class=\"elementor-element elementor-element-26845b4 elementor-widget elementor-widget-text-editor\" data-id=\"26845b4\" data-element_type=\"widget\" data-e-type=\"widget\" data-widget_type=\"text-editor.default\">\n\t\t\t\t\t\t\t\t\t<ul data-sourcepos=\"18:1-19:47\"><li data-sourcepos=\"18:1-18:126\"><strong>Professionnalisme:<\/strong>\u00a0Un b\u00e2timent industriel propre et bien entretenu refl\u00e8te une image de professionnalisme et de s\u00e9rieux.<\/li><li data-sourcepos=\"19:1-19:47\"><strong>S\u00e9curit\u00e9 alimentaire:<\/strong>\u00a0Dans les industries agroalimentaires, un environnement propre est essentiel pour garantir la s\u00e9curit\u00e9 alimentaire et rassurer les clients.<\/li><\/ul>\t\t\t\t\t\t\t\t<\/div>\n\t\t\t\t\t<\/div>\n\t\t\t\t<\/div>\n\t\t<div class=\"elementor-element elementor-element-2f876f0 e-flex e-con-boxed e-con e-parent\" data-id=\"2f876f0\" data-element_type=\"container\" data-e-type=\"container\">\n\t\t\t\t\t<div class=\"e-con-inner\">\n\t\t\t\t<div class=\"elementor-element elementor-element-827b177 elementor-widget elementor-widget-heading\" data-id=\"827b177\" data-element_type=\"widget\" data-e-type=\"widget\" data-widget_type=\"heading.default\">\n\t\t\t\t\t<h2 class=\"elementor-heading-title elementor-size-default\">Autres avantages<\/h2>\t\t\t\t<\/div>\n\t\t\t\t\t<\/div>\n\t\t\t\t<\/div>\n\t\t<div class=\"elementor-element elementor-element-30eb3b4 e-flex e-con-boxed e-con e-parent\" data-id=\"30eb3b4\" data-element_type=\"container\" data-e-type=\"container\">\n\t\t\t\t\t<div class=\"e-con-inner\">\n\t\t\t\t<div class=\"elementor-element elementor-element-e9610ce elementor-widget elementor-widget-text-editor\" data-id=\"e9610ce\" data-element_type=\"widget\" data-e-type=\"widget\" data-widget_type=\"text-editor.default\">\n\t\t\t\t\t\t\t\t\t<ul data-sourcepos=\"22:1-24:0\"><li data-sourcepos=\"22:1-22:120\"><strong>Motivation des employ\u00e9s:<\/strong>\u00a0Un environnement de travail agr\u00e9able am\u00e9liore le moral des employ\u00e9s et leur productivit\u00e9.<\/li><li data-sourcepos=\"23:1-24:0\"><strong>Valorisation du patrimoine:<\/strong>\u00a0Pour les b\u00e2timents industriels historiques, le nettoyage contribue \u00e0 leur pr\u00e9servation.<\/li><\/ul>\t\t\t\t\t\t\t\t<\/div>\n\t\t\t\t\t<\/div>\n\t\t\t\t<\/div>\n\t\t<div class=\"elementor-element elementor-element-5065dac e-flex e-con-boxed e-con e-parent\" data-id=\"5065dac\" data-element_type=\"container\" data-e-type=\"container\">\n\t\t\t\t\t<div class=\"e-con-inner\">\n\t\t\t\t<div class=\"elementor-element elementor-element-ca542bd elementor-view-default elementor-widget elementor-widget-icon\" data-id=\"ca542bd\" data-element_type=\"widget\" data-e-type=\"widget\" data-widget_type=\"icon.default\">\n\t\t\t\t\t\t\t<div class=\"elementor-icon-wrapper\">\n\t\t\t<div class=\"elementor-icon\">\n\t\t\t<svg aria-hidden=\"true\" class=\"e-font-icon-svg e-fas-location-arrow\" viewBox=\"0 0 512 512\" xmlns=\"http:\/\/www.w3.org\/2000\/svg\"><path d=\"M444.52 3.52L28.74 195.42c-47.97 22.39-31.98 92.75 19.19 92.75h175.91v175.91c0 51.17 70.36 67.17 92.75 19.19l191.9-415.78c15.99-38.39-25.59-79.97-63.97-63.97z\"><\/path><\/svg>\t\t\t<\/div>\n\t\t<\/div>\n\t\t\t\t\t\t<\/div>\n\t\t\t\t\t<\/div>\n\t\t\t\t<\/div>\n\t\t<div class=\"elementor-element elementor-element-3da7b34 e-flex e-con-boxed e-con e-parent\" data-id=\"3da7b34\" data-element_type=\"container\" data-e-type=\"container\">\n\t\t\t\t\t<div class=\"e-con-inner\">\n\t\t\t\t<div class=\"elementor-element elementor-element-5ec1ece elementor-widget elementor-widget-heading\" data-id=\"5ec1ece\" data-element_type=\"widget\" data-e-type=\"widget\" data-widget_type=\"heading.default\">\n\t\t\t\t\t<h2 class=\"elementor-heading-title elementor-size-default\">Notre secteur d'intervention<\/h2>\t\t\t\t<\/div>\n\t\t\t\t\t<\/div>\n\t\t\t\t<\/div>\n\t\t<div class=\"elementor-element elementor-element-a82675c e-flex e-con-boxed e-con e-parent\" data-id=\"a82675c\" data-element_type=\"container\" data-e-type=\"container\">\n\t\t\t\t\t<div class=\"e-con-inner\">\n\t\t<div class=\"elementor-element elementor-element-8b6200f e-con-full e-flex e-con e-child\" data-id=\"8b6200f\" data-element_type=\"container\" data-e-type=\"container\">\n\t\t<div class=\"elementor-element elementor-element-372669c e-con-full e-flex e-con e-child\" data-id=\"372669c\" data-element_type=\"container\" data-e-type=\"container\">\n\t\t\t\t<div class=\"elementor-element elementor-element-5ea3b3c elementor-widget elementor-widget-google_maps\" data-id=\"5ea3b3c\" data-element_type=\"widget\" data-e-type=\"widget\" data-widget_type=\"google_maps.default\">\n\t\t\t\t\t\t\t<div class=\"elementor-custom-embed\">\n\t\t\t<iframe loading=\"lazy\"\n\t\t\t\t\tsrc=\"https:\/\/maps.google.com\/maps?q=assais-les-jumeaux&#038;t=m&#038;z=8&#038;output=embed&#038;iwloc=near\"\n\t\t\t\t\ttitle=\"assais-les-jumeaux\"\n\t\t\t\t\taria-label=\"assais-les-jumeaux\"\n\t\t\t><\/iframe>\n\t\t<\/div>\n\t\t\t\t\t\t<\/div>\n\t\t\t\t<\/div>\n\t\t\t\t<\/div>\n\t\t\t\t\t<\/div>\n\t\t\t\t<\/div>\n\t\t<div class=\"elementor-element elementor-element-a8db2d8 e-flex e-con-boxed e-con e-parent\" data-id=\"a8db2d8\" data-element_type=\"container\" data-e-type=\"container\">\n\t\t\t\t\t<div class=\"e-con-inner\">\n\t\t<div class=\"elementor-element elementor-element-90e1acb e-con-full e-flex e-con e-child\" data-id=\"90e1acb\" data-element_type=\"container\" data-e-type=\"container\">\n\t\t<div class=\"elementor-element elementor-element-03224fe e-con-full e-flex e-con e-child\" data-id=\"03224fe\" data-element_type=\"container\" data-e-type=\"container\">\n\t\t\t\t<div class=\"elementor-element elementor-element-cf7130b elementor-widget elementor-widget-text-editor\" data-id=\"cf7130b\" data-element_type=\"widget\" data-e-type=\"widget\" data-widget_type=\"text-editor.default\">\n\t\t\t\t\t\t\t\t\t<p class=\"p1\">Notre entreprise se situant \u00e0 Assais-les-jumeaux, (79600) nous intervenons dans un rayon de 30 km:<\/p><p class=\"p1\">Airvault (79600), Saint-Loup-Lamair\u00e9 (79600), Th\u00e9nezay (79390),\u00a0Gourg\u00e9 (79200), Louin (79600), Marnes (79600), Availles-Thouarsais (79600), Pressigny (79390), Le Chillou (79600), Cherves (86170), Parthenay (79200), Bressuire (79300), Thouars (79100), Loudun (86200), Moncontour (86330), Oiron (79100), Saint-Varent (79330), Adilly (79200), Viennay (79200)<\/p><p class=\"p1\">Si vous \u00eates hors secteur, contactez nous, nous vous dirons si nous pouvons quand m\u00eame collaborer ensemble. (En fonction de la nature prestation, des autres rendez vous etc).<\/p>\t\t\t\t\t\t\t\t<\/div>\n\t\t\t\t<\/div>\n\t\t\t\t<\/div>\n\t\t\t\t\t<\/div>\n\t\t\t\t<\/div>\n\t\t<div class=\"elementor-element elementor-element-4399560 e-con-full e-flex e-con e-parent\" data-id=\"4399560\" data-element_type=\"container\" data-e-type=\"container\" data-settings=\"{&quot;background_background&quot;:&quot;classic&quot;}\">\n\t\t<div class=\"elementor-element elementor-element-5ac99f3 e-con-full e-flex e-con e-child\" data-id=\"5ac99f3\" data-element_type=\"container\" data-e-type=\"container\">\n\t\t\t\t<div class=\"elementor-element elementor-element-4a05d47 elementor-widget elementor-widget-heading\" data-id=\"4a05d47\" data-element_type=\"widget\" data-e-type=\"widget\" data-widget_type=\"heading.default\">\n\t\t\t\t\t<h2 class=\"elementor-heading-title elementor-size-default\">Confiez-nous le nettoyage de vos locaux industriels. <br>Forts de notre exp\u00e9rience et de notre savoir-faire, nous vous garantissons un r\u00e9sultat impeccable. <br><br>Demandez votre devis personnalis\u00e9 d\u00e8s maintenant.<br><\/h2>\t\t\t\t<\/div>\n\t\t\t\t<div class=\"elementor-element elementor-element-9a9384e elementor-align-center elementor-invisible elementor-widget elementor-widget-button\" data-id=\"9a9384e\" data-element_type=\"widget\" data-e-type=\"widget\" data-settings=\"{&quot;_animation&quot;:&quot;bounceIn&quot;,&quot;_animation_delay&quot;:8100}\" data-widget_type=\"button.default\">\n\t\t\t\t\t\t\t\t\t\t<a class=\"elementor-button elementor-button-link elementor-size-sm\" href=\"#\">\n\t\t\t\t\t\t<span class=\"elementor-button-content-wrapper\">\n\t\t\t\t\t\t\t\t\t<span class=\"elementor-button-text\">Votre devis personnalis\u00e9<\/span>\n\t\t\t\t\t<\/span>\n\t\t\t\t\t<\/a>\n\t\t\t\t\t\t\t\t<\/div>\n\t\t\t\t<\/div>\n\t\t<div class=\"elementor-element elementor-element-62f7017 e-con-full e-flex e-con e-child\" data-id=\"62f7017\" data-element_type=\"container\" data-e-type=\"container\">\n\t\t\t\t<div class=\"elementor-element elementor-element-bf82c8c elementor-widget elementor-widget-heading\" data-id=\"bf82c8c\" data-element_type=\"widget\" data-e-type=\"widget\" data-widget_type=\"heading.default\">\n\t\t\t\t\t<h6 class=\"elementor-heading-title elementor-size-default\">ramonagefrelon@gmail.com<\/h6>\t\t\t\t<\/div>\n\t\t\t\t<\/div>\n\t\t\t\t<\/div>\n\t\t<div class=\"elementor-element elementor-element-dd9fb1e e-flex e-con-boxed e-con e-parent\" data-id=\"dd9fb1e\" data-element_type=\"container\" data-e-type=\"container\">\n\t\t\t\t\t<div class=\"e-con-inner\">\n\t\t<div class=\"elementor-element elementor-element-c4fabea e-con-full e-flex e-con e-child\" data-id=\"c4fabea\" data-element_type=\"container\" data-e-type=\"container\" data-settings=\"{&quot;background_background&quot;:&quot;classic&quot;}\">\n\t\t\t\t<div class=\"elementor-element elementor-element-fa6f32e elementor-widget elementor-widget-heading\" data-id=\"fa6f32e\" data-element_type=\"widget\" data-e-type=\"widget\" data-widget_type=\"heading.default\">\n\t\t\t\t\t<h3 class=\"elementor-heading-title elementor-size-default\">06 87 65 17 28<\/h3>\t\t\t\t<\/div>\n\t\t\t\t<\/div>\n\t\t\t\t\t<\/div>\n\t\t\t\t<\/div>\n\t\t\t\t<\/div>\n\t\t","protected":false},"excerpt":{"rendered":"<p>ENTREPRISE RAMONAGE HDE Nettoyage b\u00e2timent http:\/\/ramonagehde.com\/wp-content\/uploads\/2025\/09\/C4D8CD6E-DC96-4EF5-BA45-CAB76DB0A24B_result.mov Le nettoyage d\u2019un b\u00e2timent industriel est une op\u00e9ration essentielle pour de nombreuses raisons, tant pour la s\u00e9curit\u00e9 et la sant\u00e9 des travailleurs que pour l\u2019efficacit\u00e9 de la production et la dur\u00e9e de vie des \u00e9quipements. Voici les principaux motifs : S\u00e9curit\u00e9 et sant\u00e9 Pr\u00e9vention des accidents:\u00a0Un environnement propre r\u00e9duit [&hellip;]<\/p>\n","protected":false},"author":1,"featured_media":0,"parent":0,"menu_order":0,"comment_status":"closed","ping_status":"closed","template":"","meta":{"footnotes":""},"class_list":["post-613","page","type-page","status-publish","hentry"],"_links":{"self":[{"href":"https:\/\/ramonagehde.com\/index.php\/wp-json\/wp\/v2\/pages\/613","targetHints":{"allow":["GET"]}}],"collection":[{"href":"https:\/\/ramonagehde.com\/index.php\/wp-json\/wp\/v2\/pages"}],"about":[{"href":"https:\/\/ramonagehde.com\/index.php\/wp-json\/wp\/v2\/types\/page"}],"author":[{"embeddable":true,"href":"https:\/\/ramonagehde.com\/index.php\/wp-json\/wp\/v2\/users\/1"}],"replies":[{"embeddable":true,"href":"https:\/\/ramonagehde.com\/index.php\/wp-json\/wp\/v2\/comments?post=613"}],"version-history":[{"count":28,"href":"https:\/\/ramonagehde.com\/index.php\/wp-json\/wp\/v2\/pages\/613\/revisions"}],"predecessor-version":[{"id":683,"href":"https:\/\/ramonagehde.com\/index.php\/wp-json\/wp\/v2\/pages\/613\/revisions\/683"}],"wp:attachment":[{"href":"https:\/\/ramonagehde.com\/index.php\/wp-json\/wp\/v2\/media?parent=613"}],"curies":[{"name":"wp","href":"https:\/\/api.w.org\/{rel}","templated":true}]}}